{"id":278,"date":"2019-11-22T22:40:08","date_gmt":"2019-11-22T22:40:08","guid":{"rendered":"https:\/\/www.nachlass-berres.de\/?page_id=278"},"modified":"2022-02-26T11:46:29","modified_gmt":"2022-02-26T11:46:29","slug":"leistungen","status":"publish","type":"page","link":"https:\/\/www.nachlass-berres.de\/index.php\/leistungen\/","title":{"rendered":"Leistungen"},"content":{"rendered":"\t\t<div data-elementor-type=\"wp-post\" data-elementor-id=\"278\" class=\"elementor elementor-278\">\n\t\t\t\t\t\t<section class=\"elementor-section elementor-top-section elementor-element elementor-element-77af5c75 elementor-section-boxed elementor-section-height-default elementor-section-height-default\" data-id=\"77af5c75\" data-element_type=\"section\">\n\t\t\t\t\t\t<div class=\"elementor-container elementor-column-gap-default\">\n\t\t\t\t\t<div class=\"elementor-column elementor-col-100 elementor-top-column elementor-element elementor-element-6ea1643c\" data-id=\"6ea1643c\" data-element_type=\"column\">\n\t\t\t<div class=\"elementor-widget-wrap elementor-element-populated\">\n\t\t\t\t\t\t<div class=\"elementor-element elementor-element-72246811 elementor-widget elementor-widget-text-editor\" data-id=\"72246811\" data-element_type=\"widget\" data-widget_type=\"text-editor.default\">\n\t\t\t\t<div class=\"elementor-widget-container\">\n\t\t\t\t\t\t\t\t\t<p><span style=\"color: #333333; font-family: Roboto; font-size: 26px; font-weight: 600;\">Ein Sterbefall &#8211; Was nun?<\/span><\/p>\n<p><!-- \/wp:paragraph --><\/p>\n<p><!-- wp:paragraph --><\/p>\n<p>Ich bin Ihr Ansprechpartner rund um die Abwicklung von Nachl\u00e4ssen.<\/p>\n<p><!-- \/wp:paragraph --><\/p>\n<p><!-- wp:list --><\/p>\n<ul style=\"padding-left: 50px;\">\n<li>Sie sind Rechtspfleger und auf der Suche nach einem kompetenten Nachlasspfleger und Testamentsvollstrecker?<\/li>\n<li>Sie sind Erbe und ben\u00f6tigen Hilfe bei der Abwicklung bis hin zur Auszahlung?<\/li>\n<li>Ihnen sind nicht alle Erbberechtigte bekannt?<\/li>\n<li>Sie sind Vermieter oder Gl\u00e4ubiger und ben\u00f6tigen einen Ansprechpartner zur weiteren Vorgehensweise?<\/li>\n<\/ul>\n<p>Im Folgenden finden Sie eine Auswahl der angebotenen T\u00e4tigkeiten <a href=\"https:\/\/www.nachlass-berres.de\/index.php\/fuer-rechtspfleger-innen\/\">f\u00fcr RechtspflegerInnen<\/a> sowie <a href=\"https:\/\/www.nachlass-berres.de\/index.php\/fuer-privatpersonen\/\">Privatpersonen und Unternehmen<\/a>.<\/p>\n<p><!-- \/wp:paragraph --><\/p>\t\t\t\t\t\t\t\t<\/div>\n\t\t\t\t<\/div>\n\t\t\t\t<div class=\"elementor-element elementor-element-4f516ab elementor-widget elementor-widget-image\" data-id=\"4f516ab\" data-element_type=\"widget\" data-widget_type=\"image.default\">\n\t\t\t\t<div class=\"elementor-widget-container\">\n\t\t\t\t\t\t\t\t\t\t\t\t\t\t\t<img fetchpriority=\"high\" decoding=\"async\" width=\"1024\" height=\"696\" src=\"https:\/\/www.nachlass-berres.de\/wp-content\/uploads\/2020\/05\/Nachlassregelung_Abwicklung_Philipp_Berres-1-e1589146655765-1024x696.png\" class=\"attachment-large size-large wp-image-440\" alt=\"Philipp Berres Nachlassmanagement\" srcset=\"https:\/\/www.nachlass-berres.de\/wp-content\/uploads\/2020\/05\/Nachlassregelung_Abwicklung_Philipp_Berres-1-e1589146655765-1024x696.png 1024w, https:\/\/www.nachlass-berres.de\/wp-content\/uploads\/2020\/05\/Nachlassregelung_Abwicklung_Philipp_Berres-1-e1589146655765-300x204.png 300w, https:\/\/www.nachlass-berres.de\/wp-content\/uploads\/2020\/05\/Nachlassregelung_Abwicklung_Philipp_Berres-1-e1589146655765-768x522.png 768w, https:\/\/www.nachlass-berres.de\/wp-content\/uploads\/2020\/05\/Nachlassregelung_Abwicklung_Philipp_Berres-1-e1589146655765-1536x1044.png 1536w, https:\/\/www.nachlass-berres.de\/wp-content\/uploads\/2020\/05\/Nachlassregelung_Abwicklung_Philipp_Berres-1-e1589146655765.png 1800w\" sizes=\"(max-width: 1024px) 100vw, 1024px\" \/>\t\t\t\t\t\t\t\t\t\t\t\t\t\t\t<\/div>\n\t\t\t\t<\/div>\n\t\t\t\t<div class=\"elementor-element elementor-element-fd5022b elementor-widget elementor-widget-text-editor\" data-id=\"fd5022b\" data-element_type=\"widget\" data-widget_type=\"text-editor.default\">\n\t\t\t\t<div class=\"elementor-widget-container\">\n\t\t\t\t\t\t\t\t\t<p>Zu meinen Aufgabengebieten z\u00e4hlen unter anderem die Verwaltung, Sicherung und Liquidation von Nachl\u00e4ssen bis hin zur Verteilung des Erbanteils. Bei Vorliegen letztwilliger Verf\u00fcgungen \u00fcbernehme ich die Testamentsvollstreckung. Bei der Suche nach erbberechtigten Personen stehe ich Ihnen ebenfalls zur Verf\u00fcgung. Zu meinen Auftraggebern z\u00e4hlen sowohl Nachlassgerichte, Privatpersonen als auch Unternehmen.<\/p>\n<p><\/p><p>Sprechen Sie mich an, ich helfe gern!<\/p>\t\t\t\t\t\t\t\t<\/div>\n\t\t\t\t<\/div>\n\t\t\t\t\t<\/div>\n\t\t<\/div>\n\t\t\t\t\t<\/div>\n\t\t<\/section>\n\t\t\t\t<section class=\"elementor-section elementor-top-section elementor-element elementor-element-f02cb9a elementor-section-boxed elementor-section-height-default elementor-section-height-default\" data-id=\"f02cb9a\" data-element_type=\"section\">\n\t\t\t\t\t\t<div class=\"elementor-container elementor-column-gap-default\">\n\t\t\t\t\t<div class=\"elementor-column elementor-col-100 elementor-top-column elementor-element elementor-element-0c74fa7\" data-id=\"0c74fa7\" data-element_type=\"column\">\n\t\t\t<div class=\"elementor-widget-wrap elementor-element-populated\">\n\t\t\t\t\t\t<div class=\"elementor-element elementor-element-b439aab elementor-widget elementor-widget-image-carousel\" data-id=\"b439aab\" data-element_type=\"widget\" data-settings=\"{&quot;slides_to_scroll&quot;:&quot;1&quot;,&quot;navigation&quot;:&quot;none&quot;,&quot;autoplay&quot;:&quot;no&quot;,&quot;infinite&quot;:&quot;no&quot;,&quot;slides_to_show_mobile&quot;:&quot;3&quot;,&quot;slides_to_scroll_mobile&quot;:&quot;1&quot;,&quot;speed&quot;:500}\" data-widget_type=\"image-carousel.default\">\n\t\t\t\t<div class=\"elementor-widget-container\">\n\t\t\t\t\t\t\t<div class=\"elementor-image-carousel-wrapper swiper\" role=\"region\" aria-roledescription=\"carousel\" aria-label=\"Bild Karussell\" dir=\"ltr\">\n\t\t\t<div class=\"elementor-image-carousel swiper-wrapper\" aria-live=\"polite\">\n\t\t\t\t\t\t\t\t<div class=\"swiper-slide\" role=\"group\" aria-roledescription=\"slide\" aria-label=\"1 von 3\"><figure class=\"swiper-slide-inner\"><img decoding=\"async\" class=\"swiper-slide-image\" src=\"https:\/\/www.nachlass-berres.de\/wp-content\/uploads\/2020\/05\/BND_Philipp_Berres_Bund_Deutscher_Nachlasspfleger-768x544.png\" alt=\"Philipp M. Berres\" \/><\/figure><\/div><div class=\"swiper-slide\" role=\"group\" aria-roledescription=\"slide\" aria-label=\"2 von 3\"><figure class=\"swiper-slide-inner\"><img decoding=\"async\" class=\"swiper-slide-image\" src=\"https:\/\/www.nachlass-berres.de\/wp-content\/uploads\/2020\/05\/Philipp_Berres_Nachlassverwaltungen-768x544.png\" alt=\"Philipp M. Berres Nachlasspfleger Nachlassverwalter Nachlass\" \/><\/figure><\/div><div class=\"swiper-slide\" role=\"group\" aria-roledescription=\"slide\" aria-label=\"3 von 3\"><figure class=\"swiper-slide-inner\"><img decoding=\"async\" class=\"swiper-slide-image\" src=\"https:\/\/www.nachlass-berres.de\/wp-content\/uploads\/2020\/05\/Bund_Deutscher_Nachlasspfleger_Philipp_Berres-1-e1589111681205-768x503.png\" alt=\"Nachlassregelungen\" \/><\/figure><\/div>\t\t\t<\/div>\n\t\t\t\t\t\t\t\n\t\t\t\t\t\t\t\t\t<\/div>\n\t\t\t\t\t\t<\/div>\n\t\t\t\t<\/div>\n\t\t\t\t\t<\/div>\n\t\t<\/div>\n\t\t\t\t\t<\/div>\n\t\t<\/section>\n\t\t\t\t<\/div>\n\t\t","protected":false},"excerpt":{"rendered":"<p>Ein Sterbefall &#8211; Was nun? Ich bin Ihr Ansprechpartner rund um die Abwicklung von Nachl\u00e4ssen. Sie sind Rechtspfleger und auf der Suche nach einem kompetenten Nachlasspfleger und Testamentsvollstrecker? Sie sind Erbe und ben\u00f6tigen Hilfe bei der Abwicklung bis hin zur Auszahlung? Ihnen sind nicht alle Erbberechtigte bekannt? Sie sind Vermieter oder Gl\u00e4ubiger und ben\u00f6tigen einen [&hellip;]<\/p>\n","protected":false},"author":1,"featured_media":0,"parent":0,"menu_order":0,"comment_status":"closed","ping_status":"closed","template":"","meta":{"ocean_post_layout":"","ocean_both_sidebars_style":"","ocean_both_sidebars_content_width":0,"ocean_both_sidebars_sidebars_width":0,"ocean_sidebar":"0","ocean_second_sidebar":"0","ocean_disable_margins":"enable","ocean_add_body_class":"","ocean_shortcode_before_top_bar":"","ocean_shortcode_after_top_bar":"","ocean_shortcode_before_header":"","ocean_shortcode_after_header":"","ocean_has_shortcode":"","ocean_shortcode_after_title":"","ocean_shortcode_before_footer_widgets":"","ocean_shortcode_after_footer_widgets":"","ocean_shortcode_before_footer_bottom":"","ocean_shortcode_after_footer_bottom":"","ocean_display_top_bar":"default","ocean_display_header":"default","ocean_header_style":"","ocean_center_header_left_menu":"0","ocean_custom_header_template":"0","ocean_custom_logo":0,"ocean_custom_retina_logo":0,"ocean_custom_logo_max_width":0,"ocean_custom_logo_tablet_max_width":0,"ocean_custom_logo_mobile_max_width":0,"ocean_custom_logo_max_height":0,"ocean_custom_logo_tablet_max_height":0,"ocean_custom_logo_mobile_max_height":0,"ocean_header_custom_menu":"0","ocean_menu_typo_font_family":"0","ocean_menu_typo_font_subset":"","ocean_menu_typo_font_size":0,"ocean_menu_typo_font_size_tablet":0,"ocean_menu_typo_font_size_mobile":0,"ocean_menu_typo_font_size_unit":"px","ocean_menu_typo_font_weight":"","ocean_menu_typo_font_weight_tablet":"","ocean_menu_typo_font_weight_mobile":"","ocean_menu_typo_transform":"","ocean_menu_typo_transform_tablet":"","ocean_menu_typo_transform_mobile":"","ocean_menu_typo_line_height":0,"ocean_menu_typo_line_height_tablet":0,"ocean_menu_typo_line_height_mobile":0,"ocean_menu_typo_line_height_unit":"","ocean_menu_typo_spacing":0,"ocean_menu_typo_spacing_tablet":0,"ocean_menu_typo_spacing_mobile":0,"ocean_menu_typo_spacing_unit":"","ocean_menu_link_color":"","ocean_menu_link_color_hover":"","ocean_menu_link_color_active":"","ocean_menu_link_background":"","ocean_menu_link_hover_background":"","ocean_menu_link_active_background":"","ocean_menu_social_links_bg":"","ocean_menu_social_hover_links_bg":"","ocean_menu_social_links_color":"","ocean_menu_social_hover_links_color":"","ocean_disable_title":"default","ocean_disable_heading":"default","ocean_post_title":"","ocean_post_subheading":"","ocean_post_title_style":"","ocean_post_title_background_color":"","ocean_post_title_background":0,"ocean_post_title_bg_image_position":"","ocean_post_title_bg_image_attachment":"","ocean_post_title_bg_image_repeat":"","ocean_post_title_bg_image_size":"","ocean_post_title_height":0,"ocean_post_title_bg_overlay":0.5,"ocean_post_title_bg_overlay_color":"","ocean_disable_breadcrumbs":"default","ocean_breadcrumbs_color":"","ocean_breadcrumbs_separator_color":"","ocean_breadcrumbs_links_color":"","ocean_breadcrumbs_links_hover_color":"","ocean_display_footer_widgets":"default","ocean_display_footer_bottom":"default","ocean_custom_footer_template":"0","footnotes":""},"class_list":["post-278","page","type-page","status-publish","hentry","entry"],"_links":{"self":[{"href":"https:\/\/www.nachlass-berres.de\/index.php\/wp-json\/wp\/v2\/pages\/278","targetHints":{"allow":["GET"]}}],"collection":[{"href":"https:\/\/www.nachlass-berres.de\/index.php\/wp-json\/wp\/v2\/pages"}],"about":[{"href":"https:\/\/www.nachlass-berres.de\/index.php\/wp-json\/wp\/v2\/types\/page"}],"author":[{"embeddable":true,"href":"https:\/\/www.nachlass-berres.de\/index.php\/wp-json\/wp\/v2\/users\/1"}],"replies":[{"embeddable":true,"href":"https:\/\/www.nachlass-berres.de\/index.php\/wp-json\/wp\/v2\/comments?post=278"}],"version-history":[{"count":43,"href":"https:\/\/www.nachlass-berres.de\/index.php\/wp-json\/wp\/v2\/pages\/278\/revisions"}],"predecessor-version":[{"id":605,"href":"https:\/\/www.nachlass-berres.de\/index.php\/wp-json\/wp\/v2\/pages\/278\/revisions\/605"}],"wp:attachment":[{"href":"https:\/\/www.nachlass-berres.de\/index.php\/wp-json\/wp\/v2\/media?parent=278"}],"curies":[{"name":"wp","href":"https:\/\/api.w.org\/{rel}","templated":true}]}}