{"id":210,"date":"2019-11-18T22:50:09","date_gmt":"2019-11-18T22:50:09","guid":{"rendered":"https:\/\/www.nachlass-berres.de\/?page_id=210"},"modified":"2022-02-26T12:04:30","modified_gmt":"2022-02-26T12:04:30","slug":"fuer-privatpersonen","status":"publish","type":"page","link":"https:\/\/www.nachlass-berres.de\/index.php\/fuer-privatpersonen\/","title":{"rendered":"F\u00fcr Privat\/Unternehmen"},"content":{"rendered":"\t\t<div data-elementor-type=\"wp-post\" data-elementor-id=\"210\" class=\"elementor elementor-210\">\n\t\t\t\t\t\t<section class=\"elementor-section elementor-top-section elementor-element elementor-element-2b8978c elementor-section-boxed elementor-section-height-default elementor-section-height-default\" data-id=\"2b8978c\" data-element_type=\"section\">\n\t\t\t\t\t\t<div class=\"elementor-container elementor-column-gap-default\">\n\t\t\t\t\t<div class=\"elementor-column elementor-col-100 elementor-top-column elementor-element elementor-element-6971238\" data-id=\"6971238\" data-element_type=\"column\">\n\t\t\t<div class=\"elementor-widget-wrap elementor-element-populated\">\n\t\t\t\t\t\t<div class=\"elementor-element elementor-element-da7a293 elementor-widget elementor-widget-text-editor\" data-id=\"da7a293\" data-element_type=\"widget\" data-widget_type=\"text-editor.default\">\n\t\t\t\t<div class=\"elementor-widget-container\">\n\t\t\t\t\t\t\t\t\t<p><strong><span style=\"font-size: 20px;\">Erben und Vererben<\/span><\/strong><\/p>\n<p>Als Testamentsvollstrecker f\u00fchre ich die letztwilligen Verf\u00fcgungen des Erblassers aus. Sie k\u00f6nnen den Testamentsvollstrecker namentlich in Ihrem Testament benennen oder lediglich Testamentsvollstreckung anordnen. In diesem Fall muss ein geeigneter Testamentsvollstrecker nach der Testamentser\u00f6ffnung benannt werden. Ihnen, als Privatperson oder Unternehmen, bin ich bei der Sicherung und Verwaltung sowie Abwicklung des Nachlasses behilflich. Als Erbe oder Miterbe helfe ich Ihnen bei der Regelung des Nachlasses, der Erbenermittlung bis hin zum Antrag des Erbscheins, der steuerlichen Angelegenheiten und der Auszahlung gem\u00e4\u00df ihres Erbteils. Vermieter und Gl\u00e4ubiger k\u00f6nnen sich ebenfalls an mich wenden. Im Folgenden finden Sie eine \u00dcbersicht der angebotenen T\u00e4tigkeiten.<\/p>\t\t\t\t\t\t\t\t<\/div>\n\t\t\t\t<\/div>\n\t\t\t\t<div class=\"elementor-element elementor-element-513d6c3 elementor-widget elementor-widget-image\" data-id=\"513d6c3\" data-element_type=\"widget\" data-widget_type=\"image.default\">\n\t\t\t\t<div class=\"elementor-widget-container\">\n\t\t\t\t\t\t\t\t\t\t\t\t\t\t\t<img fetchpriority=\"high\" decoding=\"async\" width=\"768\" height=\"419\" src=\"https:\/\/www.nachlass-berres.de\/wp-content\/uploads\/2020\/05\/Philipp_Berres_Nachlass_Erben_Vererben-e1589118297790-768x419.png\" class=\"attachment-medium_large size-medium_large wp-image-352\" alt=\"Philipp Berres Nachlass\" srcset=\"https:\/\/www.nachlass-berres.de\/wp-content\/uploads\/2020\/05\/Philipp_Berres_Nachlass_Erben_Vererben-e1589118297790-768x419.png 768w, https:\/\/www.nachlass-berres.de\/wp-content\/uploads\/2020\/05\/Philipp_Berres_Nachlass_Erben_Vererben-e1589118297790-300x164.png 300w, https:\/\/www.nachlass-berres.de\/wp-content\/uploads\/2020\/05\/Philipp_Berres_Nachlass_Erben_Vererben-e1589118297790-1024x558.png 1024w, https:\/\/www.nachlass-berres.de\/wp-content\/uploads\/2020\/05\/Philipp_Berres_Nachlass_Erben_Vererben-e1589118297790-1536x837.png 1536w, https:\/\/www.nachlass-berres.de\/wp-content\/uploads\/2020\/05\/Philipp_Berres_Nachlass_Erben_Vererben-e1589118297790.png 1800w\" sizes=\"(max-width: 768px) 100vw, 768px\" \/>\t\t\t\t\t\t\t\t\t\t\t\t\t\t\t<\/div>\n\t\t\t\t<\/div>\n\t\t\t\t<div class=\"elementor-element elementor-element-f6b838c elementor-widget elementor-widget-text-editor\" data-id=\"f6b838c\" data-element_type=\"widget\" data-widget_type=\"text-editor.default\">\n\t\t\t\t<div class=\"elementor-widget-container\">\n\t\t\t\t\t\t\t\t\t<p>Mein Umgang mit Nachl\u00e4ssen baut auf Erfahrung, Disziplin, F\u00fcrsorge und Effektivit\u00e4t auf. Dabei steht mir ein bundesweit vernetztes Netzwerk an Kolleginnen und Kollegen zur Verf\u00fcgung, um alle erforderlichen Fachrichtungen professionell und kompetent abdecken zu k\u00f6nnen. Des Weiteren wei\u00df ich auf langbew\u00e4hrte Rechtsanw\u00e4lte, Notare, Steuerberater, Immobilien-, Kunst- und Antiquit\u00e4tengutachter, R\u00e4umungsunternehmen sowie weitere hilfreiche Unternehmen und Dienstleister zur\u00fcckzugreifen. Oft sind die wahren Sch\u00e4tze im Nachlass nur schwer erkennbar. Daher ist es auch hier wichtig, professionellen Rat einzuholen.<\/p><p>Ich geh\u00f6re dem Bund deutscher Nachlasspfleger e. V. an und verf\u00fcge somit \u00fcber eine Verm\u00f6gensschadenhaftpflichtversicherung und eine Vertrauensschadenversicherung. Hierdurch entsteht Ihnen als Erbe kein Risiko einer unsachgem\u00e4\u00dfen Handlung mit dem Nachlass.<\/p><p>Ich bin Ihr Ansprechpartner, wenn der Sachverhalt nach dem Ableben eines Menschen unklar ist. Oft besteht die Notwendigkeit zur Nachlasssicherung oder der Ermittlung der unbekannten Erben, bis hin zur rechtm\u00e4\u00dfigen Verteilung des Nachlassvolumens.<\/p><p style=\"font-variant-caps: normal; font-family: Roboto, sans-serif; font-size: 20px; font-style: normal;\"><span style=\"font-size: 20px; font-weight: 600;\">Testamentsvollstreckung<\/span><\/p><p>Im Falle einer durchdachten und geplanten Nachlassregelung, diene ich Ihnen als Testamentsvollstrecker, um Ihre letztwillige Verf\u00fcgung auszuf\u00fchren. Gerne k\u00f6nnen Sie mich auch Privatpersonen und Nachlassgerichten empfehlen.<\/p><p style=\"font-variant-caps: normal; font-family: Roboto, sans-serif; font-size: 20px; font-style: normal;\"><span style=\"font-size: 20px; font-weight: bold;\">Vermieter und Gl\u00e4ubiger<\/span><\/p><p>Als Vermieter k\u00f6nnen Sie vor dem Problem stehen, dass der Mieter stirbt und sich offensichtlich kein Angeh\u00f6riger um den Vorfall k\u00fcmmert. Insbesondere stehen Sie als Vermieter vor dem Problem, keinen Ansprechpartner zur Aufl\u00f6sung des Mietverh\u00e4ltnisses zu haben. Demnach haben Sie auch nicht das Recht \u00fcber die R\u00e4umlichkeiten oder \u00fcber den Inhalt zu verf\u00fcgen. \u00c4hnliche Probleme ergeben sich aufgrund eines fehlenden Ansprechpartners f\u00fcr Gl\u00e4ubiger aller Art.<\/p><p>Sprechen Sie mich an, ich helfe Ihnen die richtigen rechtlichen Schritte einzuleiten. Das ist f\u00fcr sie kostenlos.<\/p><p style=\"font-variant-caps: normal; font-family: Roboto, sans-serif; font-size: 20px; font-style: normal;\"><span style=\"font-size: 20px; font-weight: bold;\">Erbe &#8211; Was nun ?<\/span><\/p><p>Nach einem Sterbefall stehen in erster Linie Trauer und eine Vielzahl an Regelungen und zu regelnden Dingen im Vordergrund. Hier deuten sich schon die ersten Komplikationen an. Verbindlichkeiten, Immobilien, Unternehmen, Kunstgegenst\u00e4nde, Waffen, steuerliche Fragen oder ein ausgepr\u00e4gter digitaler Nachlass. Aber auch aus einem scheinbar \u00fcberschuldeten Nachlass kann bei kompetenter Verwaltung ein aktives Verm\u00f6gen resultieren. Denken Sie vor einer fr\u00fchzeitigen Ausschlagung dar\u00fcber nach. Andererseits kann ein oberfl\u00e4chlich betrachteter, \u00fcbersichtlicher Nachlass, eine Vielzahl an Komplikationen bergen. Gerne \u00fcbernehme ich die Abwicklung des Erbfalls und entlaste Sie in den anstehenden emotionalen und verwaltungstechnischen Abl\u00e4ufen.<\/p><p>\u201e\u2026denn jeder Nachlass ist so individuell und einzigartig, wie der Mensch der ihn schuf.\u201c<\/p><p>Hieraus ergeben sich somit zahlreiche individuelle Nachl\u00e4sse mit unterschiedlichen Anspr\u00fcchen. Dadurch sind ein breitgef\u00e4chertes Wissen und Kompetenzen zur Abwicklung solcher F\u00e4lle notwendig.<\/p><p>\u00a0<\/p><p><b> Meine T\u00e4tigkeitsschwerpunkte umfassen unter anderem:<\/b><\/p><p style=\"padding-left: 40px; text-align: left;\">Regelung aller anstehenden Nachlassangelegenheiten<\/p><p style=\"padding-left: 40px; text-align: left;\">Sicherung &amp; Verwaltung sowie Liquidation des Nachlasses<\/p><p style=\"padding-left: 40px; text-align: left;\">Ermittlung der Erben<\/p><p style=\"padding-left: 40px; text-align: left;\">Pr\u00fcfung und ggf. Anpassung bestehender Vertr\u00e4ge und Versicherungen<\/p><p style=\"padding-left: 40px; text-align: left;\">Schuldenbereinigung und Forderungsmanagement<\/p><p style=\"padding-left: 40px; text-align: left;\">Schaffung der Voraussetzungen zum Erbscheinsantrag<\/p><p style=\"font-variant-caps: normal; font-family: Roboto, sans-serif; font-size: 20px; font-style: normal;\"><span style=\"font-size: 20px; font-weight: bold;\">\u00a0<\/span><\/p><p style=\"font-variant-caps: normal; font-family: Roboto, sans-serif; font-size: 20px; font-style: normal;\"><span style=\"font-size: 20px; font-weight: bold;\">Erbenermittlung\/Ahnenforschung<\/span><\/p><p>Ob im Rahmen einer Nachlassangelegenheit, anl\u00e4sslich der Nachlassplanung oder einfach aus dem Verlangen heraus, die eigene gro\u00dfe Familie besser kennenlernen zu k\u00f6nnen, die Ermittlung der potentiellen gesetzlichen Erben ist wichtig und nicht zu vernachl\u00e4ssigen. Bei einem Erbfall ist es wichtig, alle potenzielle Miterben zu ber\u00fccksichtigen. Im Rahmen der Nachlassplanung sollte der Stammbaum bekannt sein, um m\u00f6glichst alle wahrscheinlichen Erbkonstellationen ber\u00fccksichtigen zu k\u00f6nnen. Durch die Ahnenforschung l\u00e4sst sich, unabh\u00e4ngig vom Thema Erben und Vererben, der Stammbaum erweitern. Hierdurch k\u00f6nnen Erkenntnisse \u00fcber die Herkunft und bisher unbekannte oder verloren geglaubte Familienmitglieder gewonnen werden.<\/p>\t\t\t\t\t\t\t\t<\/div>\n\t\t\t\t<\/div>\n\t\t\t\t\t<\/div>\n\t\t<\/div>\n\t\t\t\t\t<\/div>\n\t\t<\/section>\n\t\t\t\t<section class=\"elementor-section elementor-top-section elementor-element elementor-element-29ebac4 elementor-section-boxed elementor-section-height-default elementor-section-height-default\" data-id=\"29ebac4\" data-element_type=\"section\">\n\t\t\t\t\t\t<div class=\"elementor-container elementor-column-gap-default\">\n\t\t\t\t\t<div class=\"elementor-column elementor-col-100 elementor-top-column elementor-element elementor-element-b6c5d9b\" data-id=\"b6c5d9b\" data-element_type=\"column\">\n\t\t\t<div class=\"elementor-widget-wrap elementor-element-populated\">\n\t\t\t\t\t\t<div class=\"elementor-element elementor-element-317dc67 elementor-widget elementor-widget-image-carousel\" data-id=\"317dc67\" data-element_type=\"widget\" data-settings=\"{&quot;slides_to_scroll&quot;:&quot;1&quot;,&quot;navigation&quot;:&quot;none&quot;,&quot;autoplay&quot;:&quot;no&quot;,&quot;infinite&quot;:&quot;no&quot;,&quot;slides_to_show_mobile&quot;:&quot;3&quot;,&quot;slides_to_scroll_mobile&quot;:&quot;1&quot;,&quot;speed&quot;:500}\" data-widget_type=\"image-carousel.default\">\n\t\t\t\t<div class=\"elementor-widget-container\">\n\t\t\t\t\t\t\t<div class=\"elementor-image-carousel-wrapper swiper\" role=\"region\" aria-roledescription=\"carousel\" aria-label=\"Bild Karussell\" dir=\"ltr\">\n\t\t\t<div class=\"elementor-image-carousel swiper-wrapper\" aria-live=\"polite\">\n\t\t\t\t\t\t\t\t<div class=\"swiper-slide\" role=\"group\" aria-roledescription=\"slide\" aria-label=\"1 von 3\"><figure class=\"swiper-slide-inner\"><img decoding=\"async\" class=\"swiper-slide-image\" src=\"https:\/\/www.nachlass-berres.de\/wp-content\/uploads\/2020\/05\/BND_Philipp_Berres_Bund_Deutscher_Nachlasspfleger-768x544.png\" alt=\"Philipp M. Berres\" \/><\/figure><\/div><div class=\"swiper-slide\" role=\"group\" aria-roledescription=\"slide\" aria-label=\"2 von 3\"><figure class=\"swiper-slide-inner\"><img decoding=\"async\" class=\"swiper-slide-image\" src=\"https:\/\/www.nachlass-berres.de\/wp-content\/uploads\/2020\/05\/Philipp_Berres_Nachlassverwaltungen-768x544.png\" alt=\"Philipp M. Berres Nachlasspfleger Nachlassverwalter Nachlass\" \/><\/figure><\/div><div class=\"swiper-slide\" role=\"group\" aria-roledescription=\"slide\" aria-label=\"3 von 3\"><figure class=\"swiper-slide-inner\"><img decoding=\"async\" class=\"swiper-slide-image\" src=\"https:\/\/www.nachlass-berres.de\/wp-content\/uploads\/2020\/05\/Bund_Deutscher_Nachlasspfleger_Philipp_Berres-1-e1589111681205-768x503.png\" alt=\"Nachlassregelungen\" \/><\/figure><\/div>\t\t\t<\/div>\n\t\t\t\t\t\t\t\n\t\t\t\t\t\t\t\t\t<\/div>\n\t\t\t\t\t\t<\/div>\n\t\t\t\t<\/div>\n\t\t\t\t\t<\/div>\n\t\t<\/div>\n\t\t\t\t\t<\/div>\n\t\t<\/section>\n\t\t\t\t<\/div>\n\t\t","protected":false},"excerpt":{"rendered":"<p>Erben und Vererben Als Testamentsvollstrecker f\u00fchre ich die letztwilligen Verf\u00fcgungen des Erblassers aus. Sie k\u00f6nnen den Testamentsvollstrecker namentlich in Ihrem Testament benennen oder lediglich Testamentsvollstreckung anordnen. In diesem Fall muss ein geeigneter Testamentsvollstrecker nach der Testamentser\u00f6ffnung benannt werden. Ihnen, als Privatperson oder Unternehmen, bin ich bei der Sicherung und Verwaltung sowie Abwicklung des Nachlasses behilflich. [&hellip;]<\/p>\n","protected":false},"author":1,"featured_media":0,"parent":0,"menu_order":0,"comment_status":"closed","ping_status":"closed","template":"","meta":{"ocean_post_layout":"","ocean_both_sidebars_style":"","ocean_both_sidebars_content_width":0,"ocean_both_sidebars_sidebars_width":0,"ocean_sidebar":"0","ocean_second_sidebar":"0","ocean_disable_margins":"enable","ocean_add_body_class":"","ocean_shortcode_before_top_bar":"","ocean_shortcode_after_top_bar":"","ocean_shortcode_before_header":"","ocean_shortcode_after_header":"","ocean_has_shortcode":"","ocean_shortcode_after_title":"","ocean_shortcode_before_footer_widgets":"","ocean_shortcode_after_footer_widgets":"","ocean_shortcode_before_footer_bottom":"","ocean_shortcode_after_footer_bottom":"","ocean_display_top_bar":"default","ocean_display_header":"default","ocean_header_style":"","ocean_center_header_left_menu":"0","ocean_custom_header_template":"0","ocean_custom_logo":0,"ocean_custom_retina_logo":0,"ocean_custom_logo_max_width":0,"ocean_custom_logo_tablet_max_width":0,"ocean_custom_logo_mobile_max_width":0,"ocean_custom_logo_max_height":0,"ocean_custom_logo_tablet_max_height":0,"ocean_custom_logo_mobile_max_height":0,"ocean_header_custom_menu":"0","ocean_menu_typo_font_family":"0","ocean_menu_typo_font_subset":"","ocean_menu_typo_font_size":0,"ocean_menu_typo_font_size_tablet":0,"ocean_menu_typo_font_size_mobile":0,"ocean_menu_typo_font_size_unit":"px","ocean_menu_typo_font_weight":"","ocean_menu_typo_font_weight_tablet":"","ocean_menu_typo_font_weight_mobile":"","ocean_menu_typo_transform":"","ocean_menu_typo_transform_tablet":"","ocean_menu_typo_transform_mobile":"","ocean_menu_typo_line_height":0,"ocean_menu_typo_line_height_tablet":0,"ocean_menu_typo_line_height_mobile":0,"ocean_menu_typo_line_height_unit":"","ocean_menu_typo_spacing":0,"ocean_menu_typo_spacing_tablet":0,"ocean_menu_typo_spacing_mobile":0,"ocean_menu_typo_spacing_unit":"","ocean_menu_link_color":"","ocean_menu_link_color_hover":"","ocean_menu_link_color_active":"","ocean_menu_link_background":"","ocean_menu_link_hover_background":"","ocean_menu_link_active_background":"","ocean_menu_social_links_bg":"","ocean_menu_social_hover_links_bg":"","ocean_menu_social_links_color":"","ocean_menu_social_hover_links_color":"","ocean_disable_title":"default","ocean_disable_heading":"default","ocean_post_title":"","ocean_post_subheading":"","ocean_post_title_style":"","ocean_post_title_background_color":"","ocean_post_title_background":0,"ocean_post_title_bg_image_position":"","ocean_post_title_bg_image_attachment":"","ocean_post_title_bg_image_repeat":"","ocean_post_title_bg_image_size":"","ocean_post_title_height":0,"ocean_post_title_bg_overlay":0.5,"ocean_post_title_bg_overlay_color":"","ocean_disable_breadcrumbs":"default","ocean_breadcrumbs_color":"","ocean_breadcrumbs_separator_color":"","ocean_breadcrumbs_links_color":"","ocean_breadcrumbs_links_hover_color":"","ocean_display_footer_widgets":"default","ocean_display_footer_bottom":"default","ocean_custom_footer_template":"0","footnotes":""},"class_list":["post-210","page","type-page","status-publish","hentry","entry"],"_links":{"self":[{"href":"https:\/\/www.nachlass-berres.de\/index.php\/wp-json\/wp\/v2\/pages\/210","targetHints":{"allow":["GET"]}}],"collection":[{"href":"https:\/\/www.nachlass-berres.de\/index.php\/wp-json\/wp\/v2\/pages"}],"about":[{"href":"https:\/\/www.nachlass-berres.de\/index.php\/wp-json\/wp\/v2\/types\/page"}],"author":[{"embeddable":true,"href":"https:\/\/www.nachlass-berres.de\/index.php\/wp-json\/wp\/v2\/users\/1"}],"replies":[{"embeddable":true,"href":"https:\/\/www.nachlass-berres.de\/index.php\/wp-json\/wp\/v2\/comments?post=210"}],"version-history":[{"count":45,"href":"https:\/\/www.nachlass-berres.de\/index.php\/wp-json\/wp\/v2\/pages\/210\/revisions"}],"predecessor-version":[{"id":614,"href":"https:\/\/www.nachlass-berres.de\/index.php\/wp-json\/wp\/v2\/pages\/210\/revisions\/614"}],"wp:attachment":[{"href":"https:\/\/www.nachlass-berres.de\/index.php\/wp-json\/wp\/v2\/media?parent=210"}],"curies":[{"name":"wp","href":"https:\/\/api.w.org\/{rel}","templated":true}]}}