{"id":13,"date":"2019-08-30T21:41:26","date_gmt":"2019-08-30T21:41:26","guid":{"rendered":"https:\/\/www.nachlass-berres.de\/?page_id=13"},"modified":"2024-11-20T14:29:33","modified_gmt":"2024-11-20T14:29:33","slug":"philipp-berres-nachlassverwaltungen","status":"publish","type":"page","link":"https:\/\/www.nachlass-berres.de\/","title":{"rendered":"Herzlich Willkommen!"},"content":{"rendered":"\t\t<div data-elementor-type=\"wp-post\" data-elementor-id=\"13\" class=\"elementor elementor-13\">\n\t\t\t\t\t\t<section class=\"elementor-section elementor-top-section elementor-element elementor-element-b1ca4f6 elementor-section-boxed elementor-section-height-default elementor-section-height-default\" data-id=\"b1ca4f6\" data-element_type=\"section\">\n\t\t\t\t\t\t<div class=\"elementor-container elementor-column-gap-default\">\n\t\t\t\t\t<div class=\"elementor-column elementor-col-100 elementor-top-column elementor-element elementor-element-f7e7cb9\" data-id=\"f7e7cb9\" data-element_type=\"column\">\n\t\t\t<div class=\"elementor-widget-wrap elementor-element-populated\">\n\t\t\t\t\t\t<div class=\"elementor-element elementor-element-7e271ea elementor-widget elementor-widget-image\" data-id=\"7e271ea\" data-element_type=\"widget\" data-widget_type=\"image.default\">\n\t\t\t\t<div class=\"elementor-widget-container\">\n\t\t\t\t\t\t\t\t\t\t\t\t\t\t\t<img fetchpriority=\"high\" decoding=\"async\" width=\"768\" height=\"322\" src=\"https:\/\/www.nachlass-berres.de\/wp-content\/uploads\/2019\/11\/Nachlassspruch-e1589147206243-768x322.jpg\" class=\"attachment-medium_large size-medium_large wp-image-215\" alt=\"\" srcset=\"https:\/\/www.nachlass-berres.de\/wp-content\/uploads\/2019\/11\/Nachlassspruch-e1589147206243-768x322.jpg 768w, https:\/\/www.nachlass-berres.de\/wp-content\/uploads\/2019\/11\/Nachlassspruch-e1589147206243-300x126.jpg 300w, https:\/\/www.nachlass-berres.de\/wp-content\/uploads\/2019\/11\/Nachlassspruch-e1589147206243-1024x430.jpg 1024w, https:\/\/www.nachlass-berres.de\/wp-content\/uploads\/2019\/11\/Nachlassspruch-e1589147206243-1536x644.jpg 1536w, https:\/\/www.nachlass-berres.de\/wp-content\/uploads\/2019\/11\/Nachlassspruch-e1589147206243.jpg 1666w\" sizes=\"(max-width: 768px) 100vw, 768px\" \/>\t\t\t\t\t\t\t\t\t\t\t\t\t\t\t<\/div>\n\t\t\t\t<\/div>\n\t\t\t\t<div class=\"elementor-element elementor-element-be2f5bf elementor-widget elementor-widget-text-editor\" data-id=\"be2f5bf\" data-element_type=\"widget\" data-widget_type=\"text-editor.default\">\n\t\t\t\t<div class=\"elementor-widget-container\">\n\t\t\t\t\t\t\t\t\t<div><h1 style=\"text-align: center;\"><span style=\"color: #333333; font-family: raleway; font-size: 30px; font-style: normal; font-variant-ligatures: normal; font-variant-caps: normal; font-weight: 600;\">Nachlasspflegschaft<\/span><span style=\"color: #333333; font-family: raleway; font-size: 30px; font-style: normal; font-variant-ligatures: normal; font-variant-caps: normal; font-weight: 600;\">\u00a0<\/span><span style=\"text-align: center; color: #333333; font-family: raleway; font-size: 30px; font-weight: 600;\">\u00b7 Testamentsvollstreckung \u00b7 Nachlassabwicklung<\/span><\/h1><p style=\"text-align: center;\">\u00a0<\/p><\/div><p style=\"text-align: left;\">Als Berufsnachlasspfleger bin ich f\u00fcr die Sicherung und Verwaltung von Nachl\u00e4ssen zust\u00e4ndig sowie mit der Ermittlung der, gegebenenfalls unbekannten, Erben betraut. Die zust\u00e4ndigen Nachlassgerichte, aber auch Privatpersonen schenken mir ihr Vertrauen.<br \/>Zu meinen T\u00e4tigkeitsschwerpunkten z\u00e4hlen Nachlasspflegschaften, Testamentsvollstreckungen, Erbenermittlungen und\u00a0 Nachlassverwaltungen. Gerne \u00fcbernehme ich auch Verfahrens- und Abwesenheitspflegschaften sowie sonstige Pflegschaften.<\/p><p><img decoding=\"async\" class=\"aligncenter\" src=\"https:\/\/www.nachlass-berres.de\/wp-content\/uploads\/2019\/11\/Nachlasspfleger-Philipp-Berres-e1574190045551.jpg\" width=\"628\" height=\"254\" \/><\/p><p>Der Nachlasspfleger ist der gesetzliche Vertreter der unbekannten Erben und hat im Regelfall die verantwortungsvolle Aufgabe, den Nachlass zu sichern und zu verwalten. Zus\u00e4tzlich z\u00e4hlt die Ermittlung der unbekannten Erben zu seinem Aufgabenbereich. Im Anschluss k\u00f6nnen Erben bei der Abwicklung des Nachlasses unterst\u00fctzt werden. Als Testamentsvollstrecker f\u00fchre ich die letztwilligen Verf\u00fcgungen des Erblassers aus. Gerne bin ich Ihnen aber auch bei Fragen und Anliegen rund um die Ahnenforschung behilflich. Verwandte aufzufinden muss schlie\u00dflich nicht immer mit dem Verlust eines Familienmitglieds zusammenh\u00e4ngen, sondern kann die Familie auch zusammenf\u00fchren bzw. erweitern.<\/p><p>Die Bearbeitung und Abwicklung einer Nachlasssache erfordert ein hohes Ma\u00df an Disziplin und Professionalit\u00e4t. Auch eine gewisse emotionale Distanz kann hier hilfreich sein, welche man als Angeh\u00f6riger, aufgrund des Verlustes eines Familienangeh\u00f6rigen, nicht ohne Weiteres aufweist. Die Trauer muss verarbeitet werden, w\u00e4hrend gleichzeitig eine Menge Dinge geregelt werden. Um hier an Alles zu denken, ist es wichtig zu wissen, welche erforderlichen Schritte einzuleiten sind. Ein fach\u00fcbergreifendes Wissen sowie Kompetenzen diverser Fachrichtungen sind unabdingbar f\u00fcr einen kompetenten und verantwortungsbewussten Umgang mit einem Nachlass. Um die Pers\u00f6nlichkeitsrechte des Erblassers zu wahren ist eine vertrauensvolle und diskrete Handhabung unumg\u00e4nglich.<\/p><div><p style=\"text-align: center;\"><span style=\"color: #333333; font-size: 23px; font-weight: 600; font-family: raleway;\">\u201e\u2026 denn jeder Nachlass ist so individuell und einzigartig,<\/span><\/p><p style=\"text-align: center;\"><span style=\"color: #333333; font-size: 23px; font-weight: 600; font-family: raleway;\">wie der Mensch, der ihn schuf.&#8220;<\/span><\/p><\/div>\t\t\t\t\t\t\t\t<\/div>\n\t\t\t\t<\/div>\n\t\t\t\t\t<\/div>\n\t\t<\/div>\n\t\t\t\t\t<\/div>\n\t\t<\/section>\n\t\t\t\t<section class=\"elementor-section elementor-top-section elementor-element elementor-element-593e4c1 elementor-section-boxed elementor-section-height-default elementor-section-height-default\" data-id=\"593e4c1\" data-element_type=\"section\">\n\t\t\t\t\t\t<div class=\"elementor-container elementor-column-gap-default\">\n\t\t\t\t\t<div class=\"elementor-column elementor-col-100 elementor-top-column elementor-element elementor-element-3d4c318\" data-id=\"3d4c318\" data-element_type=\"column\">\n\t\t\t<div class=\"elementor-widget-wrap elementor-element-populated\">\n\t\t\t\t\t\t<div class=\"elementor-element elementor-element-0926937 elementor-widget elementor-widget-image-carousel\" data-id=\"0926937\" data-element_type=\"widget\" data-settings=\"{&quot;slides_to_scroll&quot;:&quot;1&quot;,&quot;navigation&quot;:&quot;none&quot;,&quot;autoplay&quot;:&quot;no&quot;,&quot;infinite&quot;:&quot;no&quot;,&quot;slides_to_show_mobile&quot;:&quot;3&quot;,&quot;slides_to_scroll_mobile&quot;:&quot;1&quot;,&quot;speed&quot;:500}\" data-widget_type=\"image-carousel.default\">\n\t\t\t\t<div class=\"elementor-widget-container\">\n\t\t\t\t\t\t\t<div class=\"elementor-image-carousel-wrapper swiper\" role=\"region\" aria-roledescription=\"carousel\" aria-label=\"Bild Karussell\" dir=\"ltr\">\n\t\t\t<div class=\"elementor-image-carousel swiper-wrapper\" aria-live=\"polite\">\n\t\t\t\t\t\t\t\t<div class=\"swiper-slide\" role=\"group\" aria-roledescription=\"slide\" aria-label=\"1 von 3\"><figure class=\"swiper-slide-inner\"><img decoding=\"async\" class=\"swiper-slide-image\" src=\"https:\/\/www.nachlass-berres.de\/wp-content\/uploads\/2020\/05\/BND_Philipp_Berres_Bund_Deutscher_Nachlasspfleger-768x544.png\" alt=\"Philipp M. Berres\" \/><\/figure><\/div><div class=\"swiper-slide\" role=\"group\" aria-roledescription=\"slide\" aria-label=\"2 von 3\"><figure class=\"swiper-slide-inner\"><img decoding=\"async\" class=\"swiper-slide-image\" src=\"https:\/\/www.nachlass-berres.de\/wp-content\/uploads\/2020\/05\/Philipp_Berres_Nachlassverwaltungen-768x544.png\" alt=\"Philipp M. Berres Nachlasspfleger Nachlassverwalter Nachlass\" \/><\/figure><\/div><div class=\"swiper-slide\" role=\"group\" aria-roledescription=\"slide\" aria-label=\"3 von 3\"><figure class=\"swiper-slide-inner\"><img decoding=\"async\" class=\"swiper-slide-image\" src=\"https:\/\/www.nachlass-berres.de\/wp-content\/uploads\/2020\/05\/Bund_Deutscher_Nachlasspfleger_Philipp_Berres-1-e1589111681205-768x503.png\" alt=\"Nachlassregelungen\" \/><\/figure><\/div>\t\t\t<\/div>\n\t\t\t\t\t\t\t\n\t\t\t\t\t\t\t\t\t<\/div>\n\t\t\t\t\t\t<\/div>\n\t\t\t\t<\/div>\n\t\t\t\t\t<\/div>\n\t\t<\/div>\n\t\t\t\t\t<\/div>\n\t\t<\/section>\n\t\t\t\t<\/div>\n\t\t","protected":false},"excerpt":{"rendered":"<p>Nachlasspflegschaft\u00a0\u00b7 Testamentsvollstreckung \u00b7 Nachlassabwicklung \u00a0 Als Berufsnachlasspfleger bin ich f\u00fcr die Sicherung und Verwaltung von Nachl\u00e4ssen zust\u00e4ndig sowie mit der Ermittlung der, gegebenenfalls unbekannten, Erben betraut. Die zust\u00e4ndigen Nachlassgerichte, aber auch Privatpersonen schenken mir ihr Vertrauen.Zu meinen T\u00e4tigkeitsschwerpunkten z\u00e4hlen Nachlasspflegschaften, Testamentsvollstreckungen, Erbenermittlungen und\u00a0 Nachlassverwaltungen. Gerne \u00fcbernehme ich auch Verfahrens- und Abwesenheitspflegschaften sowie sonstige Pflegschaften. Der [&hellip;]<\/p>\n","protected":false},"author":1,"featured_media":0,"parent":0,"menu_order":0,"comment_status":"closed","ping_status":"closed","template":"","meta":{"ocean_post_layout":"","ocean_both_sidebars_style":"","ocean_both_sidebars_content_width":0,"ocean_both_sidebars_sidebars_width":0,"ocean_sidebar":"0","ocean_second_sidebar":"0","ocean_disable_margins":"enable","ocean_add_body_class":"","ocean_shortcode_before_top_bar":"","ocean_shortcode_after_top_bar":"","ocean_shortcode_before_header":"","ocean_shortcode_after_header":"","ocean_has_shortcode":"","ocean_shortcode_after_title":"","ocean_shortcode_before_footer_widgets":"","ocean_shortcode_after_footer_widgets":"","ocean_shortcode_before_footer_bottom":"","ocean_shortcode_after_footer_bottom":"","ocean_display_top_bar":"default","ocean_display_header":"default","ocean_header_style":"","ocean_center_header_left_menu":"0","ocean_custom_header_template":"0","ocean_custom_logo":0,"ocean_custom_retina_logo":0,"ocean_custom_logo_max_width":0,"ocean_custom_logo_tablet_max_width":0,"ocean_custom_logo_mobile_max_width":0,"ocean_custom_logo_max_height":0,"ocean_custom_logo_tablet_max_height":0,"ocean_custom_logo_mobile_max_height":0,"ocean_header_custom_menu":"0","ocean_menu_typo_font_family":"0","ocean_menu_typo_font_subset":"","ocean_menu_typo_font_size":0,"ocean_menu_typo_font_size_tablet":0,"ocean_menu_typo_font_size_mobile":0,"ocean_menu_typo_font_size_unit":"px","ocean_menu_typo_font_weight":"","ocean_menu_typo_font_weight_tablet":"","ocean_menu_typo_font_weight_mobile":"","ocean_menu_typo_transform":"","ocean_menu_typo_transform_tablet":"","ocean_menu_typo_transform_mobile":"","ocean_menu_typo_line_height":0,"ocean_menu_typo_line_height_tablet":0,"ocean_menu_typo_line_height_mobile":0,"ocean_menu_typo_line_height_unit":"","ocean_menu_typo_spacing":0,"ocean_menu_typo_spacing_tablet":0,"ocean_menu_typo_spacing_mobile":0,"ocean_menu_typo_spacing_unit":"","ocean_menu_link_color":"","ocean_menu_link_color_hover":"","ocean_menu_link_color_active":"","ocean_menu_link_background":"","ocean_menu_link_hover_background":"","ocean_menu_link_active_background":"","ocean_menu_social_links_bg":"","ocean_menu_social_hover_links_bg":"","ocean_menu_social_links_color":"","ocean_menu_social_hover_links_color":"","ocean_disable_title":"default","ocean_disable_heading":"default","ocean_post_title":"","ocean_post_subheading":"","ocean_post_title_style":"","ocean_post_title_background_color":"","ocean_post_title_background":0,"ocean_post_title_bg_image_position":"","ocean_post_title_bg_image_attachment":"","ocean_post_title_bg_image_repeat":"","ocean_post_title_bg_image_size":"","ocean_post_title_height":0,"ocean_post_title_bg_overlay":0.5,"ocean_post_title_bg_overlay_color":"","ocean_disable_breadcrumbs":"default","ocean_breadcrumbs_color":"","ocean_breadcrumbs_separator_color":"","ocean_breadcrumbs_links_color":"","ocean_breadcrumbs_links_hover_color":"","ocean_display_footer_widgets":"default","ocean_display_footer_bottom":"default","ocean_custom_footer_template":"0","footnotes":""},"class_list":["post-13","page","type-page","status-publish","hentry","entry"],"_links":{"self":[{"href":"https:\/\/www.nachlass-berres.de\/index.php\/wp-json\/wp\/v2\/pages\/13","targetHints":{"allow":["GET"]}}],"collection":[{"href":"https:\/\/www.nachlass-berres.de\/index.php\/wp-json\/wp\/v2\/pages"}],"about":[{"href":"https:\/\/www.nachlass-berres.de\/index.php\/wp-json\/wp\/v2\/types\/page"}],"author":[{"embeddable":true,"href":"https:\/\/www.nachlass-berres.de\/index.php\/wp-json\/wp\/v2\/users\/1"}],"replies":[{"embeddable":true,"href":"https:\/\/www.nachlass-berres.de\/index.php\/wp-json\/wp\/v2\/comments?post=13"}],"version-history":[{"count":66,"href":"https:\/\/www.nachlass-berres.de\/index.php\/wp-json\/wp\/v2\/pages\/13\/revisions"}],"predecessor-version":[{"id":640,"href":"https:\/\/www.nachlass-berres.de\/index.php\/wp-json\/wp\/v2\/pages\/13\/revisions\/640"}],"wp:attachment":[{"href":"https:\/\/www.nachlass-berres.de\/index.php\/wp-json\/wp\/v2\/media?parent=13"}],"curies":[{"name":"wp","href":"https:\/\/api.w.org\/{rel}","templated":true}]}}