{"id":112,"date":"2019-11-19T18:51:28","date_gmt":"2019-11-19T18:51:28","guid":{"rendered":"https:\/\/www.nachlass-berres.de\/?page_id=112"},"modified":"2022-02-26T11:56:23","modified_gmt":"2022-02-26T11:56:23","slug":"fuer-rechtspfleger-innen","status":"publish","type":"page","link":"https:\/\/www.nachlass-berres.de\/index.php\/fuer-rechtspfleger-innen\/","title":{"rendered":"F\u00fcr RechtspflegerInnen"},"content":{"rendered":"\t\t<div data-elementor-type=\"wp-post\" data-elementor-id=\"112\" class=\"elementor elementor-112\">\n\t\t\t\t\t\t<section class=\"elementor-section elementor-top-section elementor-element elementor-element-88971ff elementor-section-full_width elementor-section-height-default elementor-section-height-default\" data-id=\"88971ff\" data-element_type=\"section\">\n\t\t\t\t\t\t<div class=\"elementor-container elementor-column-gap-default\">\n\t\t\t\t\t<div class=\"elementor-column elementor-col-100 elementor-top-column elementor-element elementor-element-5c958db\" data-id=\"5c958db\" data-element_type=\"column\">\n\t\t\t<div class=\"elementor-widget-wrap elementor-element-populated\">\n\t\t\t\t\t\t<div class=\"elementor-element elementor-element-c30f536 elementor-widget elementor-widget-text-editor\" data-id=\"c30f536\" data-element_type=\"widget\" data-widget_type=\"text-editor.default\">\n\t\t\t\t<div class=\"elementor-widget-container\">\n\t\t\t\t\t\t\t\t\t<div style=\"text-align: center;\">&nbsp;<span style=\"font-size: 20px; color: #333333; font-family: raleway;\"><span style=\"font-size: 30px; font-weight: 600;\">Nachlasspflegschaften&nbsp;<\/span><\/span><span style=\"font-style: normal; font-variant-caps: normal; caret-color: #333333; color: #333333; font-family: raleway; font-size: 30px; font-weight: 600; text-align: center;\">\u00b7 Testamentsvollstreckungen<\/span><br><span style=\"font-size: 20px; color: #333333; font-family: raleway;\"><span style=\"font-size: 30px; font-weight: 600;\">Verfahrenspflegschaften&nbsp;<\/span><\/span><span style=\"color: rgb(51, 51, 51); font-family: raleway; font-size: 30px; font-style: normal; font-variant-ligatures: normal; font-variant-caps: normal; font-weight: 600; caret-color: rgb(51, 51, 51);\">\u00b7 Abwesenheitspflegschaften<\/span><span style=\"font-size: 20px; color: #333333; font-family: raleway;\"><span style=\"font-size: 30px; font-weight: 600;\"><br><\/span><\/span><\/div>\n<div style=\"text-align: left;\">\n<p>Als Berufsnachlasspfleger und Testamentsvollstrecker bin ich f\u00fcr die Sicherung und Verwaltung von Nachl\u00e4ssen sowie die Ermittlung der Erben zust\u00e4ndig. Als zust\u00e4ndiges Nachlassgericht k\u00f6nnen Sie sich gerne mit mir in Verbindung setzen.<br>Hierbei \u00fcbernehme ich jede Art von Nachlasspflegschaften und Testamentsvollstreckungen. Meine T\u00e4tigkeiten beschr\u00e4nken sich dabei nicht nur auf die unmittelbar nahegelegenen Nachlassgerichte. Auch an Ihrem Standort \u00fcbernehme ich das Amt des Nachlasspflegers und Testamentsvollstreckers. Dadurch verursachen Sie auch keine Mehrkosten, verglichen mit einem n\u00e4her gelegenen Dienstleister. Hierzu k\u00f6nnen Sie mich gerne kontaktieren und die M\u00f6glichkeiten besprechen.<\/p>\n<\/div>\n<div>Sollten Sie f\u00fcr bestimmte Vorg\u00e4nge einen Verfahrenspfleger, Abwesenheitspfleger oder Nachlassverwalter ben\u00f6tigen, stehe ich Ihnen auch hierzu zur Verf\u00fcgung. Im Folgenden finden Sie eine Auswahl der angebotenen T\u00e4tigkeiten.<\/div>\t\t\t\t\t\t\t\t<\/div>\n\t\t\t\t<\/div>\n\t\t\t\t<div class=\"elementor-element elementor-element-33c9276 elementor-widget elementor-widget-image\" data-id=\"33c9276\" data-element_type=\"widget\" data-widget_type=\"image.default\">\n\t\t\t\t<div class=\"elementor-widget-container\">\n\t\t\t\t\t\t\t\t\t\t\t\t\t\t\t<img fetchpriority=\"high\" decoding=\"async\" width=\"768\" height=\"416\" src=\"https:\/\/www.nachlass-berres.de\/wp-content\/uploads\/2020\/05\/Philipp_Berres_T\u00e4tigkeiten_Leistungen_Nachlassgericht_RechtspflegerInnen-1-e1589146452443-768x416.png\" class=\"attachment-medium_large size-medium_large wp-image-441\" alt=\"Philipp Berres Nachlassverwaltung Nachlasspflegschaft\" srcset=\"https:\/\/www.nachlass-berres.de\/wp-content\/uploads\/2020\/05\/Philipp_Berres_T\u00e4tigkeiten_Leistungen_Nachlassgericht_RechtspflegerInnen-1-e1589146452443-768x416.png 768w, https:\/\/www.nachlass-berres.de\/wp-content\/uploads\/2020\/05\/Philipp_Berres_T\u00e4tigkeiten_Leistungen_Nachlassgericht_RechtspflegerInnen-1-e1589146452443-300x163.png 300w, https:\/\/www.nachlass-berres.de\/wp-content\/uploads\/2020\/05\/Philipp_Berres_T\u00e4tigkeiten_Leistungen_Nachlassgericht_RechtspflegerInnen-1-e1589146452443-1024x555.png 1024w, https:\/\/www.nachlass-berres.de\/wp-content\/uploads\/2020\/05\/Philipp_Berres_T\u00e4tigkeiten_Leistungen_Nachlassgericht_RechtspflegerInnen-1-e1589146452443-1536x833.png 1536w, https:\/\/www.nachlass-berres.de\/wp-content\/uploads\/2020\/05\/Philipp_Berres_T\u00e4tigkeiten_Leistungen_Nachlassgericht_RechtspflegerInnen-1-e1589146452443.png 1800w\" sizes=\"(max-width: 768px) 100vw, 768px\" \/>\t\t\t\t\t\t\t\t\t\t\t\t\t\t\t<\/div>\n\t\t\t\t<\/div>\n\t\t\t\t<div class=\"elementor-element elementor-element-5ca22e7 elementor-widget elementor-widget-text-editor\" data-id=\"5ca22e7\" data-element_type=\"widget\" data-widget_type=\"text-editor.default\">\n\t\t\t\t<div class=\"elementor-widget-container\">\n\t\t\t\t\t\t\t\t\t<p>Die Bearbeitung und Abwicklung einer Nachlasssache erfordert ein hohes Ma\u00df an Disziplin und Professionalit\u00e4t. Ein fach\u00fcbergreifendes Wissen sowie Kompetenzen diverser Fachrichtungen sind unabdingbar f\u00fcr einen kompetenten und verantwortungsbewussten Umgang mit einem Nachlass. St\u00e4ndige Weiterbildungsma\u00dfnahmen in juristischen und betriebswirtschaftlichen Bereichen gew\u00e4hrleisten die Aktualit\u00e4t und Qualit\u00e4t meines Fachwissens. Ein regelm\u00e4\u00dfiger Austausch mit anderen Nachlasspflegern f\u00f6rdert mein fachspezifisches Wissen.<\/p>\n<p> Mein Umgang mit Nachl\u00e4ssen baut auf Erfahrung, Disziplin, F\u00fcrsorge und Effektivit\u00e4t auf. Dabei steht mir ein bundesweit vernetztes Netzwerk an Kolleginnen und Kollegen zur Verf\u00fcgung, um alle erforderlichen Fachrichtungen professionell und kompetent abdecken zu k\u00f6nnen. Des Weiteren wei\u00df ich auf langbew\u00e4hrte Rechtsanw\u00e4lte, Notare, Steuerberater, Immobilien\u2013, Antiquit\u00e4ten- und Kunstgutachter, R\u00e4umungsunternehmen sowie weitere hilfreiche Unternehmen und Dienstleister zur\u00fcckzugreifen.<\/p>\n<p> Ich geh\u00f6re dem Bund deutscher Nachlasspfleger e. V. an und verf\u00fcge somit \u00fcber eine Verm\u00f6gensschadenhaftpflichtversicherung und eine Vertrauensschadenversicherung, welche die speziellen Risiken der Nachlassbearbeitung abdecken.<\/p>\n<p> Ich bin gepr\u00fcfter Nachlasspfleger nach den Richtlinien des Bundes deutscher Nachlasspfleger e. V. und zertifizierter Nachlasspfleger nach Weinsberger Forum. Sowohl in Sachen Nachlasspflegschaft als auch Testamentsvollstreckung weise ich eine langj\u00e4hrige praktische Erfahrung auf.<\/p>\n<p> Regelm\u00e4\u00dfig nehme ich an Lehrg\u00e4ngen und Seminaren teil, um mein Fachwissen in juristischen und fach\u00fcbergreifenden Bereichen auf dem Laufenden zu halten.<\/p>\n<div style=\"font-variant-caps: normal; font-family: Roboto, sans-serif; font-size: 20px; font-style: normal;\"><p style=\"font-size: 20px; text-align: center;\"><span style=\"font-family: raleway; font-size: 23px; font-weight: 600; color: #333333;\"><br><\/span><\/p><p style=\"font-size: 20px; text-align: center;\"><span style=\"font-family: raleway; font-size: 23px; font-weight: 600; color: #333333;\">\u201e\u2026 denn jeder Nachlass ist so individuell und einzigartig,<\/span><\/p>\n<p style=\"font-size: 20px; text-align: center;\"><span style=\"font-family: raleway; font-size: 23px; font-weight: 600; color: #333333;\">wie der Mensch der ihn schuf.\u201c<\/span><\/p>\n<\/div>\t\t\t\t\t\t\t\t<\/div>\n\t\t\t\t<\/div>\n\t\t\t\t\t<\/div>\n\t\t<\/div>\n\t\t\t\t\t<\/div>\n\t\t<\/section>\n\t\t\t\t<section class=\"elementor-section elementor-top-section elementor-element elementor-element-97aa6ec elementor-section-boxed elementor-section-height-default elementor-section-height-default\" data-id=\"97aa6ec\" data-element_type=\"section\">\n\t\t\t\t\t\t<div class=\"elementor-container elementor-column-gap-default\">\n\t\t\t\t\t<div class=\"elementor-column elementor-col-100 elementor-top-column elementor-element elementor-element-e9af7aa\" data-id=\"e9af7aa\" data-element_type=\"column\">\n\t\t\t<div class=\"elementor-widget-wrap elementor-element-populated\">\n\t\t\t\t\t\t<div class=\"elementor-element elementor-element-13304b6 elementor-widget elementor-widget-image-carousel\" data-id=\"13304b6\" data-element_type=\"widget\" data-settings=\"{&quot;slides_to_scroll&quot;:&quot;1&quot;,&quot;navigation&quot;:&quot;none&quot;,&quot;autoplay&quot;:&quot;no&quot;,&quot;infinite&quot;:&quot;no&quot;,&quot;slides_to_show&quot;:&quot;3&quot;,&quot;slides_to_show_mobile&quot;:&quot;3&quot;,&quot;slides_to_scroll_mobile&quot;:&quot;1&quot;,&quot;speed&quot;:500}\" data-widget_type=\"image-carousel.default\">\n\t\t\t\t<div class=\"elementor-widget-container\">\n\t\t\t\t\t\t\t<div class=\"elementor-image-carousel-wrapper swiper\" role=\"region\" aria-roledescription=\"carousel\" aria-label=\"Bild Karussell\" dir=\"ltr\">\n\t\t\t<div class=\"elementor-image-carousel swiper-wrapper\" aria-live=\"polite\">\n\t\t\t\t\t\t\t\t<div class=\"swiper-slide\" role=\"group\" aria-roledescription=\"slide\" aria-label=\"1 von 3\"><figure class=\"swiper-slide-inner\"><img decoding=\"async\" class=\"swiper-slide-image\" src=\"https:\/\/www.nachlass-berres.de\/wp-content\/uploads\/2020\/05\/BND_Philipp_Berres_Bund_Deutscher_Nachlasspfleger-768x544.png\" alt=\"Philipp M. Berres\" \/><\/figure><\/div><div class=\"swiper-slide\" role=\"group\" aria-roledescription=\"slide\" aria-label=\"2 von 3\"><figure class=\"swiper-slide-inner\"><img decoding=\"async\" class=\"swiper-slide-image\" src=\"https:\/\/www.nachlass-berres.de\/wp-content\/uploads\/2020\/05\/Philipp_Berres_Nachlassverwaltungen-768x544.png\" alt=\"Philipp M. Berres Nachlasspfleger Nachlassverwalter Nachlass\" \/><\/figure><\/div><div class=\"swiper-slide\" role=\"group\" aria-roledescription=\"slide\" aria-label=\"3 von 3\"><figure class=\"swiper-slide-inner\"><img decoding=\"async\" class=\"swiper-slide-image\" src=\"https:\/\/www.nachlass-berres.de\/wp-content\/uploads\/2020\/05\/Bund_Deutscher_Nachlasspfleger_Philipp_Berres-1-e1589111681205-768x503.png\" alt=\"Nachlassregelungen\" \/><\/figure><\/div>\t\t\t<\/div>\n\t\t\t\t\t\t\t\n\t\t\t\t\t\t\t\t\t<\/div>\n\t\t\t\t\t\t<\/div>\n\t\t\t\t<\/div>\n\t\t\t\t\t<\/div>\n\t\t<\/div>\n\t\t\t\t\t<\/div>\n\t\t<\/section>\n\t\t\t\t<\/div>\n\t\t","protected":false},"excerpt":{"rendered":"<p>&nbsp;Nachlasspflegschaften&nbsp;\u00b7 TestamentsvollstreckungenVerfahrenspflegschaften&nbsp;\u00b7 Abwesenheitspflegschaften Als Berufsnachlasspfleger und Testamentsvollstrecker bin ich f\u00fcr die Sicherung und Verwaltung von Nachl\u00e4ssen sowie die Ermittlung der Erben zust\u00e4ndig. Als zust\u00e4ndiges Nachlassgericht k\u00f6nnen Sie sich gerne mit mir in Verbindung setzen.Hierbei \u00fcbernehme ich jede Art von Nachlasspflegschaften und Testamentsvollstreckungen. Meine T\u00e4tigkeiten beschr\u00e4nken sich dabei nicht nur auf die unmittelbar nahegelegenen Nachlassgerichte. Auch [&hellip;]<\/p>\n","protected":false},"author":1,"featured_media":0,"parent":0,"menu_order":0,"comment_status":"closed","ping_status":"closed","template":"","meta":{"ocean_post_layout":"","ocean_both_sidebars_style":"","ocean_both_sidebars_content_width":0,"ocean_both_sidebars_sidebars_width":0,"ocean_sidebar":"0","ocean_second_sidebar":"0","ocean_disable_margins":"enable","ocean_add_body_class":"","ocean_shortcode_before_top_bar":"","ocean_shortcode_after_top_bar":"","ocean_shortcode_before_header":"","ocean_shortcode_after_header":"","ocean_has_shortcode":"","ocean_shortcode_after_title":"","ocean_shortcode_before_footer_widgets":"","ocean_shortcode_after_footer_widgets":"","ocean_shortcode_before_footer_bottom":"","ocean_shortcode_after_footer_bottom":"","ocean_display_top_bar":"default","ocean_display_header":"default","ocean_header_style":"","ocean_center_header_left_menu":"0","ocean_custom_header_template":"0","ocean_custom_logo":0,"ocean_custom_retina_logo":0,"ocean_custom_logo_max_width":0,"ocean_custom_logo_tablet_max_width":0,"ocean_custom_logo_mobile_max_width":0,"ocean_custom_logo_max_height":0,"ocean_custom_logo_tablet_max_height":0,"ocean_custom_logo_mobile_max_height":0,"ocean_header_custom_menu":"0","ocean_menu_typo_font_family":"0","ocean_menu_typo_font_subset":"","ocean_menu_typo_font_size":0,"ocean_menu_typo_font_size_tablet":0,"ocean_menu_typo_font_size_mobile":0,"ocean_menu_typo_font_size_unit":"px","ocean_menu_typo_font_weight":"","ocean_menu_typo_font_weight_tablet":"","ocean_menu_typo_font_weight_mobile":"","ocean_menu_typo_transform":"","ocean_menu_typo_transform_tablet":"","ocean_menu_typo_transform_mobile":"","ocean_menu_typo_line_height":0,"ocean_menu_typo_line_height_tablet":0,"ocean_menu_typo_line_height_mobile":0,"ocean_menu_typo_line_height_unit":"","ocean_menu_typo_spacing":0,"ocean_menu_typo_spacing_tablet":0,"ocean_menu_typo_spacing_mobile":0,"ocean_menu_typo_spacing_unit":"","ocean_menu_link_color":"","ocean_menu_link_color_hover":"","ocean_menu_link_color_active":"","ocean_menu_link_background":"","ocean_menu_link_hover_background":"","ocean_menu_link_active_background":"","ocean_menu_social_links_bg":"","ocean_menu_social_hover_links_bg":"","ocean_menu_social_links_color":"","ocean_menu_social_hover_links_color":"","ocean_disable_title":"default","ocean_disable_heading":"default","ocean_post_title":"","ocean_post_subheading":"","ocean_post_title_style":"","ocean_post_title_background_color":"","ocean_post_title_background":0,"ocean_post_title_bg_image_position":"","ocean_post_title_bg_image_attachment":"","ocean_post_title_bg_image_repeat":"","ocean_post_title_bg_image_size":"","ocean_post_title_height":0,"ocean_post_title_bg_overlay":0.5,"ocean_post_title_bg_overlay_color":"","ocean_disable_breadcrumbs":"default","ocean_breadcrumbs_color":"","ocean_breadcrumbs_separator_color":"","ocean_breadcrumbs_links_color":"","ocean_breadcrumbs_links_hover_color":"","ocean_display_footer_widgets":"default","ocean_display_footer_bottom":"default","ocean_custom_footer_template":"0","footnotes":""},"class_list":["post-112","page","type-page","status-publish","hentry","entry"],"_links":{"self":[{"href":"https:\/\/www.nachlass-berres.de\/index.php\/wp-json\/wp\/v2\/pages\/112","targetHints":{"allow":["GET"]}}],"collection":[{"href":"https:\/\/www.nachlass-berres.de\/index.php\/wp-json\/wp\/v2\/pages"}],"about":[{"href":"https:\/\/www.nachlass-berres.de\/index.php\/wp-json\/wp\/v2\/types\/page"}],"author":[{"embeddable":true,"href":"https:\/\/www.nachlass-berres.de\/index.php\/wp-json\/wp\/v2\/users\/1"}],"replies":[{"embeddable":true,"href":"https:\/\/www.nachlass-berres.de\/index.php\/wp-json\/wp\/v2\/comments?post=112"}],"version-history":[{"count":57,"href":"https:\/\/www.nachlass-berres.de\/index.php\/wp-json\/wp\/v2\/pages\/112\/revisions"}],"predecessor-version":[{"id":611,"href":"https:\/\/www.nachlass-berres.de\/index.php\/wp-json\/wp\/v2\/pages\/112\/revisions\/611"}],"wp:attachment":[{"href":"https:\/\/www.nachlass-berres.de\/index.php\/wp-json\/wp\/v2\/media?parent=112"}],"curies":[{"name":"wp","href":"https:\/\/api.w.org\/{rel}","templated":true}]}}