{"id":110,"date":"2019-11-18T22:45:47","date_gmt":"2019-11-18T22:45:47","guid":{"rendered":"https:\/\/www.nachlass-berres.de\/?page_id=110"},"modified":"2025-06-13T11:50:07","modified_gmt":"2025-06-13T11:50:07","slug":"profil","status":"publish","type":"page","link":"https:\/\/www.nachlass-berres.de\/index.php\/profil\/","title":{"rendered":"Profil"},"content":{"rendered":"\t\t<div data-elementor-type=\"wp-post\" data-elementor-id=\"110\" class=\"elementor elementor-110\">\n\t\t\t\t\t\t<section class=\"elementor-section elementor-top-section elementor-element elementor-element-d742c7c elementor-section-boxed elementor-section-height-default elementor-section-height-default\" data-id=\"d742c7c\" data-element_type=\"section\">\n\t\t\t\t\t\t<div class=\"elementor-container elementor-column-gap-default\">\n\t\t\t\t\t<div class=\"elementor-column elementor-col-100 elementor-top-column elementor-element elementor-element-6b22b5e\" data-id=\"6b22b5e\" data-element_type=\"column\">\n\t\t\t<div class=\"elementor-widget-wrap elementor-element-populated\">\n\t\t\t\t\t\t<div class=\"elementor-element elementor-element-39a3b30 elementor-widget elementor-widget-text-editor\" data-id=\"39a3b30\" data-element_type=\"widget\" data-widget_type=\"text-editor.default\">\n\t\t\t\t<div class=\"elementor-widget-container\">\n\t\t\t\t\t\t\t\t\t<p class=\"MsoNormal\"><b>Philipp M. Berres, LL. M.<\/b><\/p>\n<p class=\"MsoNormal\">Meine freiberufliche T\u00e4tigkeit umfasst insbesondere das F\u00fchren von Nachlasspflegschaften und Testamentsvollstreckungen, Nachlassverwaltungen, Verfahrens- und Abwesenheitspflegschaften.<\/p>\n<p><img fetchpriority=\"high\" decoding=\"async\" class=\"wp-image-484 alignright\" src=\"https:\/\/www.nachlass-berres.de\/wp-content\/uploads\/2020\/05\/Philipp-M.-Berres-Nachlasspfleger-Nachlassverwalter-Erbenermittler-210x300.jpg\" alt=\"Philipp M. Berres Nachlasspflegschaft Nachlasspfleger Nachlassverwaltung Nachlassverwalter Verfahrenspflegschaft Verfahrenspfleger Abwesenheitspflegschaft Abwesenheitspfleger Erbenermittlung Erbenermittler Ahnenforschung Ahnenforscher Nachlassmanagement Nachlassmanager\" width=\"210\" height=\"300\" srcset=\"https:\/\/www.nachlass-berres.de\/wp-content\/uploads\/2020\/05\/Philipp-M.-Berres-Nachlasspfleger-Nachlassverwalter-Erbenermittler-210x300.jpg 210w, https:\/\/www.nachlass-berres.de\/wp-content\/uploads\/2020\/05\/Philipp-M.-Berres-Nachlasspfleger-Nachlassverwalter-Erbenermittler-716x1024.jpg 716w, https:\/\/www.nachlass-berres.de\/wp-content\/uploads\/2020\/05\/Philipp-M.-Berres-Nachlasspfleger-Nachlassverwalter-Erbenermittler-768x1098.jpg 768w, https:\/\/www.nachlass-berres.de\/wp-content\/uploads\/2020\/05\/Philipp-M.-Berres-Nachlasspfleger-Nachlassverwalter-Erbenermittler-1074x1536.jpg 1074w, https:\/\/www.nachlass-berres.de\/wp-content\/uploads\/2020\/05\/Philipp-M.-Berres-Nachlasspfleger-Nachlassverwalter-Erbenermittler-1433x2048.jpg 1433w, https:\/\/www.nachlass-berres.de\/wp-content\/uploads\/2020\/05\/Philipp-M.-Berres-Nachlasspfleger-Nachlassverwalter-Erbenermittler.jpg 1662w\" sizes=\"(max-width: 210px) 100vw, 210px\" \/><\/p>\n<p class=\"MsoNormal\">Ich bin zertifizierter Nachlasspfleger nach den Richtlinien des Bundes deutscher Nachlasspfleger e. V. und nebenberuflich als Referent bei der NachlassAkademie t\u00e4tig. Durch die regelm\u00e4\u00dfige Teilnahme an fachspezifischen Lehrg\u00e4ngen, Seminaren sowie Fortbildungsma\u00dfnahmen bleibe ich auf dem aktuellen Stand im Erb- und Nachlassrecht. Auch in anderen Fachgebieten bilde ich mich st\u00e4ndig fort, um auf die Besonderheiten verschiedenster Nachl\u00e4sse vorbereitet zu sein.<\/p>\n<p class=\"MsoNormal\">Zus\u00e4tzlich verf\u00fcge ich als Mitglied des Bundes deutscher Nachlasspfleger e. V. \u00fcber eine bundesweite Vernetzung fachspezifischer Kolleginnen und Kollegen. Durch die hier enthaltene Verm\u00f6genshaftpflichtversicherung sind die speziellen Risiken des Berufsnachlasspflegers abgedeckt. Eine integrierte&nbsp; Vertrauensschadenversicherung bietet dem Nachlass zus\u00e4tzlichen Schutz.<\/p>\n<p class=\"MsoNormal\">Im Umgang mit Nachlasspflegschaften ist ein umfassendes Wissen in verschiedensten Fachbereichen unabdingbar. Erfahrungen in Sachen Erbenermittlung spielen hier ebenso eine wichtige Rolle wie juristische und betriebswirtschaftliche Kompetenzen. Im Bereich der Nachlasspflegschaft, Testamentsvollstreckung und Erbenermittlung weise ich eine langj\u00e4hrige Erfahrung auf. Auch ohne Erbfall unterst\u00fctze ich Sie bei der Entdeckung Ihres Familienstammbaums. Im Rahmen der Ahnenforschung ist es m\u00f6glich, eigene Wurzeln zu entdecken, verloren geglaubte Familienmitglieder wieder zu finden oder bisher unbekannte Teile der Familie zu finden.<\/p>\n<p class=\"MsoNormal\">Gerne nutze ich meine Erfahrungen und Kenntnisse und \u00fcbernehme auch Ihren Fall.<\/p>\t\t\t\t\t\t\t\t<\/div>\n\t\t\t\t<\/div>\n\t\t\t\t\t<\/div>\n\t\t<\/div>\n\t\t\t\t\t<\/div>\n\t\t<\/section>\n\t\t\t\t<section class=\"elementor-section elementor-top-section elementor-element elementor-element-7ea80ff elementor-section-boxed elementor-section-height-default elementor-section-height-default\" data-id=\"7ea80ff\" data-element_type=\"section\">\n\t\t\t\t\t\t<div class=\"elementor-container elementor-column-gap-default\">\n\t\t\t\t\t<div class=\"elementor-column elementor-col-100 elementor-top-column elementor-element elementor-element-470292e\" data-id=\"470292e\" data-element_type=\"column\">\n\t\t\t<div class=\"elementor-widget-wrap elementor-element-populated\">\n\t\t\t\t\t\t<div class=\"elementor-element elementor-element-f0ad07e elementor-widget elementor-widget-image-carousel\" data-id=\"f0ad07e\" data-element_type=\"widget\" data-settings=\"{&quot;slides_to_scroll&quot;:&quot;1&quot;,&quot;navigation&quot;:&quot;none&quot;,&quot;autoplay&quot;:&quot;no&quot;,&quot;infinite&quot;:&quot;no&quot;,&quot;slides_to_show_mobile&quot;:&quot;3&quot;,&quot;slides_to_scroll_mobile&quot;:&quot;1&quot;,&quot;speed&quot;:500}\" data-widget_type=\"image-carousel.default\">\n\t\t\t\t<div class=\"elementor-widget-container\">\n\t\t\t\t\t\t\t<div class=\"elementor-image-carousel-wrapper swiper\" role=\"region\" aria-roledescription=\"carousel\" aria-label=\"Bild Karussell\" dir=\"ltr\">\n\t\t\t<div class=\"elementor-image-carousel swiper-wrapper\" aria-live=\"polite\">\n\t\t\t\t\t\t\t\t<div class=\"swiper-slide\" role=\"group\" aria-roledescription=\"slide\" aria-label=\"1 von 3\"><figure class=\"swiper-slide-inner\"><img decoding=\"async\" class=\"swiper-slide-image\" src=\"https:\/\/www.nachlass-berres.de\/wp-content\/uploads\/2020\/05\/BND_Philipp_Berres_Bund_Deutscher_Nachlasspfleger-768x544.png\" alt=\"Philipp M. Berres\" \/><\/figure><\/div><div class=\"swiper-slide\" role=\"group\" aria-roledescription=\"slide\" aria-label=\"2 von 3\"><figure class=\"swiper-slide-inner\"><img decoding=\"async\" class=\"swiper-slide-image\" src=\"https:\/\/www.nachlass-berres.de\/wp-content\/uploads\/2020\/05\/Philipp_Berres_Nachlassverwaltungen-768x544.png\" alt=\"Philipp M. Berres Nachlasspfleger Nachlassverwalter Nachlass\" \/><\/figure><\/div><div class=\"swiper-slide\" role=\"group\" aria-roledescription=\"slide\" aria-label=\"3 von 3\"><figure class=\"swiper-slide-inner\"><img decoding=\"async\" class=\"swiper-slide-image\" src=\"https:\/\/www.nachlass-berres.de\/wp-content\/uploads\/2020\/05\/Bund_Deutscher_Nachlasspfleger_Philipp_Berres-1-e1589111681205-768x503.png\" alt=\"Nachlassregelungen\" \/><\/figure><\/div>\t\t\t<\/div>\n\t\t\t\t\t\t\t\n\t\t\t\t\t\t\t\t\t<\/div>\n\t\t\t\t\t\t<\/div>\n\t\t\t\t<\/div>\n\t\t\t\t\t<\/div>\n\t\t<\/div>\n\t\t\t\t\t<\/div>\n\t\t<\/section>\n\t\t\t\t<\/div>\n\t\t","protected":false},"excerpt":{"rendered":"<p>Philipp M. Berres, LL. M. Meine freiberufliche T\u00e4tigkeit umfasst insbesondere das F\u00fchren von Nachlasspflegschaften und Testamentsvollstreckungen, Nachlassverwaltungen, Verfahrens- und Abwesenheitspflegschaften. Ich bin zertifizierter Nachlasspfleger nach den Richtlinien des Bundes deutscher Nachlasspfleger e. V. und nebenberuflich als Referent bei der NachlassAkademie t\u00e4tig. Durch die regelm\u00e4\u00dfige Teilnahme an fachspezifischen Lehrg\u00e4ngen, Seminaren sowie Fortbildungsma\u00dfnahmen bleibe ich auf dem [&hellip;]<\/p>\n","protected":false},"author":1,"featured_media":0,"parent":0,"menu_order":0,"comment_status":"closed","ping_status":"closed","template":"","meta":{"ocean_post_layout":"","ocean_both_sidebars_style":"","ocean_both_sidebars_content_width":0,"ocean_both_sidebars_sidebars_width":0,"ocean_sidebar":"0","ocean_second_sidebar":"0","ocean_disable_margins":"enable","ocean_add_body_class":"","ocean_shortcode_before_top_bar":"","ocean_shortcode_after_top_bar":"","ocean_shortcode_before_header":"","ocean_shortcode_after_header":"","ocean_has_shortcode":"","ocean_shortcode_after_title":"","ocean_shortcode_before_footer_widgets":"","ocean_shortcode_after_footer_widgets":"","ocean_shortcode_before_footer_bottom":"","ocean_shortcode_after_footer_bottom":"","ocean_display_top_bar":"default","ocean_display_header":"default","ocean_header_style":"","ocean_center_header_left_menu":"0","ocean_custom_header_template":"0","ocean_custom_logo":0,"ocean_custom_retina_logo":0,"ocean_custom_logo_max_width":0,"ocean_custom_logo_tablet_max_width":0,"ocean_custom_logo_mobile_max_width":0,"ocean_custom_logo_max_height":0,"ocean_custom_logo_tablet_max_height":0,"ocean_custom_logo_mobile_max_height":0,"ocean_header_custom_menu":"0","ocean_menu_typo_font_family":"0","ocean_menu_typo_font_subset":"","ocean_menu_typo_font_size":0,"ocean_menu_typo_font_size_tablet":0,"ocean_menu_typo_font_size_mobile":0,"ocean_menu_typo_font_size_unit":"px","ocean_menu_typo_font_weight":"","ocean_menu_typo_font_weight_tablet":"","ocean_menu_typo_font_weight_mobile":"","ocean_menu_typo_transform":"","ocean_menu_typo_transform_tablet":"","ocean_menu_typo_transform_mobile":"","ocean_menu_typo_line_height":0,"ocean_menu_typo_line_height_tablet":0,"ocean_menu_typo_line_height_mobile":0,"ocean_menu_typo_line_height_unit":"","ocean_menu_typo_spacing":0,"ocean_menu_typo_spacing_tablet":0,"ocean_menu_typo_spacing_mobile":0,"ocean_menu_typo_spacing_unit":"","ocean_menu_link_color":"","ocean_menu_link_color_hover":"","ocean_menu_link_color_active":"","ocean_menu_link_background":"","ocean_menu_link_hover_background":"","ocean_menu_link_active_background":"","ocean_menu_social_links_bg":"","ocean_menu_social_hover_links_bg":"","ocean_menu_social_links_color":"","ocean_menu_social_hover_links_color":"","ocean_disable_title":"default","ocean_disable_heading":"default","ocean_post_title":"","ocean_post_subheading":"","ocean_post_title_style":"","ocean_post_title_background_color":"","ocean_post_title_background":0,"ocean_post_title_bg_image_position":"","ocean_post_title_bg_image_attachment":"","ocean_post_title_bg_image_repeat":"","ocean_post_title_bg_image_size":"","ocean_post_title_height":0,"ocean_post_title_bg_overlay":0.5,"ocean_post_title_bg_overlay_color":"","ocean_disable_breadcrumbs":"default","ocean_breadcrumbs_color":"","ocean_breadcrumbs_separator_color":"","ocean_breadcrumbs_links_color":"","ocean_breadcrumbs_links_hover_color":"","ocean_display_footer_widgets":"default","ocean_display_footer_bottom":"default","ocean_custom_footer_template":"0","footnotes":""},"class_list":["post-110","page","type-page","status-publish","hentry","entry"],"_links":{"self":[{"href":"https:\/\/www.nachlass-berres.de\/index.php\/wp-json\/wp\/v2\/pages\/110","targetHints":{"allow":["GET"]}}],"collection":[{"href":"https:\/\/www.nachlass-berres.de\/index.php\/wp-json\/wp\/v2\/pages"}],"about":[{"href":"https:\/\/www.nachlass-berres.de\/index.php\/wp-json\/wp\/v2\/types\/page"}],"author":[{"embeddable":true,"href":"https:\/\/www.nachlass-berres.de\/index.php\/wp-json\/wp\/v2\/users\/1"}],"replies":[{"embeddable":true,"href":"https:\/\/www.nachlass-berres.de\/index.php\/wp-json\/wp\/v2\/comments?post=110"}],"version-history":[{"count":42,"href":"https:\/\/www.nachlass-berres.de\/index.php\/wp-json\/wp\/v2\/pages\/110\/revisions"}],"predecessor-version":[{"id":644,"href":"https:\/\/www.nachlass-berres.de\/index.php\/wp-json\/wp\/v2\/pages\/110\/revisions\/644"}],"wp:attachment":[{"href":"https:\/\/www.nachlass-berres.de\/index.php\/wp-json\/wp\/v2\/media?parent=110"}],"curies":[{"name":"wp","href":"https:\/\/api.w.org\/{rel}","templated":true}]}}